{"id":2418,"date":"2025-05-30T00:48:21","date_gmt":"2025-05-29T21:48:21","guid":{"rendered":"https:\/\/optisplius.com\/?page_id=2418"},"modified":"2025-06-03T22:53:55","modified_gmt":"2025-06-03T19:53:55","slug":"dekui","status":"publish","type":"page","link":"https:\/\/optisplius.com\/en\/dekui\/","title":{"rendered":"D\u0117kui"},"content":{"rendered":"<style><\/style>\t\t<div data-elementor-type=\"wp-page\" data-elementor-id=\"2418\" class=\"elementor elementor-2418\">\n\t\t\t\t\t\t<section class=\"elementor-section elementor-top-section elementor-element elementor-element-7945b49 elementor-section-boxed elementor-section-height-default elementor-section-height-default\" data-id=\"7945b49\" data-element_type=\"section\">\n\t\t\t\t\t\t<div class=\"elementor-container elementor-column-gap-default\">\n\t\t\t\t\t<div class=\"elementor-column elementor-col-100 elementor-top-column elementor-element elementor-element-d1ba9db\" data-id=\"d1ba9db\" data-element_type=\"column\">\n\t\t\t<div class=\"elementor-widget-wrap elementor-element-populated\">\n\t\t\t\t\t\t<div class=\"elementor-element elementor-element-fbd32ec elementor-widget elementor-widget-html\" data-id=\"fbd32ec\" data-element_type=\"widget\" data-widget_type=\"html.default\">\n\t\t\t\t<div class=\"elementor-widget-container\">\n\t\t\t\t\t<section style=\"background-color: #000; color: #FF4804; min-height: 100vh; display: flex; align-items: center; justify-content: center; font-family: Arial, sans-serif; text-align: center; padding: 40px;\">\r\n  <div>\r\n    <h1 style=\"font-size: 42px; margin-bottom: 20px; color: #FF4804;\"> D\u0117kojame u\u017e J\u016bs\u0173 u\u017eklaus\u0105!<\/h1>\r\n    <p style=\"font-size: 20px; max-width: 600px; margin: auto; color: #FF4804;\">J\u016bs\u0173 pateikta informacija s\u0117kmingai gauta. M\u016bs\u0173 komanda netrukus su jumis susisieks.<\/p>\r\n    <a href=\"https:\/\/optisplius.com\" style=\"display: inline-block; margin-top: 30px; padding: 12px 24px; background-color: #FF4804; color: #000; font-weight: bold; text-transform: uppercase; text-decoration: none; border-radius: 4px;\">Gr\u012f\u017eti \u012f prad\u017ei\u0105<\/a>\r\n  <\/div>\r\n<\/section>\r\n<input type=\"hidden\" name=\"_redirect\" value=\"https:\/\/optisplius.com\/dekui\">\r\n\t\t\t\t<\/div>\n\t\t\t\t<\/div>\n\t\t\t\t\t<\/div>\n\t\t<\/div>\n\t\t\t\t\t<\/div>\n\t\t<\/section>\n\t\t\t\t<\/div>","protected":false},"excerpt":{"rendered":"<p>D\u0117kojame u\u017e J\u016bs\u0173 u\u017eklaus\u0105! J\u016bs\u0173 pateikta informacija s\u0117kmingai gauta. M\u016bs\u0173 komanda netrukus su jumis susisieks. Gr\u012f\u017eti \u012f prad\u017ei\u0105<\/p>","protected":false},"author":1,"featured_media":0,"parent":0,"menu_order":0,"comment_status":"open","ping_status":"closed","template":"elementor_canvas","meta":{"footnotes":""},"class_list":["post-2418","page","type-page","status-publish","hentry"],"_links":{"self":[{"href":"https:\/\/optisplius.com\/en\/wp-json\/wp\/v2\/pages\/2418","targetHints":{"allow":["GET"]}}],"collection":[{"href":"https:\/\/optisplius.com\/en\/wp-json\/wp\/v2\/pages"}],"about":[{"href":"https:\/\/optisplius.com\/en\/wp-json\/wp\/v2\/types\/page"}],"author":[{"embeddable":true,"href":"https:\/\/optisplius.com\/en\/wp-json\/wp\/v2\/users\/1"}],"replies":[{"embeddable":true,"href":"https:\/\/optisplius.com\/en\/wp-json\/wp\/v2\/comments?post=2418"}],"version-history":[{"count":11,"href":"https:\/\/optisplius.com\/en\/wp-json\/wp\/v2\/pages\/2418\/revisions"}],"predecessor-version":[{"id":2490,"href":"https:\/\/optisplius.com\/en\/wp-json\/wp\/v2\/pages\/2418\/revisions\/2490"}],"wp:attachment":[{"href":"https:\/\/optisplius.com\/en\/wp-json\/wp\/v2\/media?parent=2418"}],"curies":[{"name":"wp","href":"https:\/\/api.w.org\/{rel}","templated":true}]}}